{"id":17279,"date":"2024-09-03T12:29:11","date_gmt":"2024-09-03T10:29:11","guid":{"rendered":"https:\/\/www.banfi.it\/?page_id=17279"},"modified":"2026-01-13T15:29:45","modified_gmt":"2026-01-13T14:29:45","slug":"availability-request","status":"publish","type":"page","link":"https:\/\/www.banfi.it\/eng\/richiesta-disponibilita\/","title":{"rendered":"Availability request"},"content":{"rendered":"\t\t<div data-elementor-type=\"wp-page\" data-elementor-id=\"17279\" class=\"elementor elementor-17279\" data-elementor-post-type=\"page\">\n\t\t\t\t<div class=\"elementor-element elementor-element-6f465878 e-con-full e-flex e-con e-parent\" data-id=\"6f465878\" data-element_type=\"container\" data-e-type=\"container\">\n\t\t<div class=\"elementor-element elementor-element-7c872c32 e-con-full e-flex e-con e-child\" data-id=\"7c872c32\" data-element_type=\"container\" data-e-type=\"container\" data-settings=\"{&quot;background_background&quot;:&quot;classic&quot;}\">\n\t\t\t\t<div class=\"elementor-element elementor-element-ad33cb7 elementor-widget elementor-widget-heading\" data-id=\"ad33cb7\" data-element_type=\"widget\" data-e-type=\"widget\" data-widget_type=\"heading.default\">\n\t\t\t\t<div class=\"elementor-widget-container\">\n\t\t\t\t\t<h2 class=\"elementor-heading-title elementor-size-default\">Attivit\u00e0 Hotel Il Borgo - Richiesta informazioni <\/h2>\t\t\t\t<\/div>\n\t\t\t\t<\/div>\n\t\t\t\t<\/div>\n\t\t\t\t<\/div>\n\t\t<div class=\"elementor-element elementor-element-4dc698e e-con-full e-flex e-con e-parent\" data-id=\"4dc698e\" data-element_type=\"container\" data-e-type=\"container\" data-settings=\"{&quot;background_background&quot;:&quot;classic&quot;}\">\n\t\t<div class=\"elementor-element elementor-element-8614098 e-con-full elementor-hidden-tablet e-flex e-con e-child\" data-id=\"8614098\" data-element_type=\"container\" data-e-type=\"container\">\n\t\t\t\t<\/div>\n\t\t<div class=\"elementor-element elementor-element-500efed e-con-full e-flex e-con e-child\" data-id=\"500efed\" data-element_type=\"container\" data-e-type=\"container\">\n\t\t<div class=\"elementor-element elementor-element-21e96db e-con-full e-flex e-con e-child\" data-id=\"21e96db\" data-element_type=\"container\" data-e-type=\"container\">\n\t\t\t\t<div class=\"elementor-element elementor-element-b7d543e prenotaform elementor-widget elementor-widget-form\" data-id=\"b7d543e\" data-element_type=\"widget\" data-e-type=\"widget\" data-settings=\"{&quot;step_next_label&quot;:&quot;Successivo&quot;,&quot;step_previous_label&quot;:&quot;Precedente&quot;,&quot;button_width&quot;:&quot;100&quot;,&quot;step_type&quot;:&quot;number_text&quot;,&quot;step_icon_shape&quot;:&quot;circle&quot;}\" data-widget_type=\"form.default\">\n\t\t\t\t<div class=\"elementor-widget-container\">\n\t\t\t\t\t\t\t<form class=\"elementor-form\" method=\"post\" name=\"Disponibilit\u00e0 Borgo\" aria-label=\"Disponibilit\u00e0 Borgo\">\n\t\t\t<input type=\"hidden\" name=\"post_id\" value=\"17279\"\/>\n\t\t\t<input type=\"hidden\" name=\"form_id\" value=\"b7d543e\"\/>\n\t\t\t<input type=\"hidden\" name=\"referer_title\" value=\"Richiesta disponibilit\u00e0, attivit\u00e0 Hotel Il borgo - Banfi\" \/>\n\n\t\t\t\t\t\t\t<input type=\"hidden\" name=\"queried_id\" value=\"17279\"\/>\n\t\t\t\n\t\t\t<div class=\"elementor-form-fields-wrapper elementor-labels-\">\n\t\t\t\t\t\t\t\t<div class=\"elementor-field-type-text elementor-field-group elementor-column elementor-field-group-nome elementor-col-50 elementor-field-required\">\n\t\t\t\t\t\t\t\t\t\t\t\t\t<input size=\"1\" type=\"text\" name=\"form_fields[nome]\" id=\"form-field-nome\" class=\"elementor-field elementor-size-md  elementor-field-textual\" placeholder=\"Nome*\" required=\"required\">\n\t\t\t\t\t\t\t\t\t\t\t<\/div>\n\t\t\t\t\t\t\t\t<div class=\"elementor-field-type-text elementor-field-group elementor-column elementor-field-group-cognome elementor-col-50 elementor-field-required\">\n\t\t\t\t\t\t\t\t\t\t\t\t\t<input size=\"1\" type=\"text\" name=\"form_fields[cognome]\" id=\"form-field-cognome\" class=\"elementor-field elementor-size-md  elementor-field-textual\" placeholder=\"Cognome*\" required=\"required\">\n\t\t\t\t\t\t\t\t\t\t\t<\/div>\n\t\t\t\t\t\t\t\t<div class=\"elementor-field-type-email elementor-field-group elementor-column elementor-field-group-email elementor-col-50 elementor-field-required\">\n\t\t\t\t\t\t\t\t\t\t\t\t\t<input size=\"1\" type=\"email\" name=\"form_fields[email]\" id=\"form-field-email\" class=\"elementor-field elementor-size-md  elementor-field-textual\" placeholder=\"Email*\" required=\"required\">\n\t\t\t\t\t\t\t\t\t\t\t<\/div>\n\t\t\t\t\t\t\t\t<div class=\"elementor-field-type-text elementor-field-group elementor-column elementor-field-group-cellulare elementor-col-50 elementor-field-required\">\n\t\t\t\t\t\t\t\t\t\t\t\t\t<input size=\"1\" type=\"text\" name=\"form_fields[cellulare]\" id=\"form-field-cellulare\" class=\"elementor-field elementor-size-md  elementor-field-textual\" placeholder=\"Cellulare*\" required=\"required\">\n\t\t\t\t\t\t\t\t\t\t\t<\/div>\n\t\t\t\t\t\t\t\t<div class=\"elementor-field-type-text elementor-field-group elementor-column elementor-field-group-nazionalita elementor-col-100 elementor-field-required\">\n\t\t\t\t\t\t\t\t\t\t\t\t\t<input size=\"1\" type=\"text\" name=\"form_fields[nazionalita]\" id=\"form-field-nazionalita\" class=\"elementor-field elementor-size-md  elementor-field-textual\" placeholder=\"Nazionalit\u00e0*\" required=\"required\">\n\t\t\t\t\t\t\t\t\t\t\t<\/div>\n\t\t\t\t\t\t\t\t<div class=\"elementor-field-type-select elementor-field-group elementor-column elementor-field-group-field_8ad93b7 elementor-col-100\">\n\t\t\t\t\t\t\t<div class=\"elementor-field elementor-select-wrapper remove-before \">\n\t\t\t<div class=\"select-caret-down-wrapper\">\n\t\t\t\t<i aria-hidden=\"true\" class=\"eicon-caret-down\"><\/i>\t\t\t<\/div>\n\t\t\t<select name=\"form_fields[field_8ad93b7]\" id=\"form-field-field_8ad93b7\" class=\"elementor-field-textual elementor-size-md\">\n\t\t\t\t\t\t\t\t\t<option value=\"Trekking e Mountain Bike in Val d&#039;Orcia\">Trekking e Mountain Bike in Val d&#039;Orcia<\/option>\n\t\t\t\t\t\t\t\t\t<option value=\"Massaggi\">Massaggi<\/option>\n\t\t\t\t\t\t\t\t\t<option value=\"Tour e degustazione dell\u2019Olio Extra Vergine di Oliva\">Tour e degustazione dell\u2019Olio Extra Vergine di Oliva<\/option>\n\t\t\t\t\t\t\t\t\t<option value=\"Tour con autista privato\">Tour con autista privato<\/option>\n\t\t\t\t\t\t\t\t\t<option value=\"Altro\">Altro<\/option>\n\t\t\t\t\t\t\t<\/select>\n\t\t<\/div>\n\t\t\t\t\t\t<\/div>\n\t\t\t\t\t\t\t\t<div class=\"elementor-field-type-textarea elementor-field-group elementor-column elementor-field-group-messaggio elementor-col-100\">\n\t\t\t\t\t<textarea class=\"elementor-field-textual elementor-field  elementor-size-md\" name=\"form_fields[messaggio]\" id=\"form-field-messaggio\" rows=\"4\" placeholder=\"Messaggio\"><\/textarea>\t\t\t\t<\/div>\n\t\t\t\t\t\t\t\t<div class=\"elementor-field-type-acceptance elementor-field-group elementor-column elementor-field-group-field_9d42df4 elementor-col-100 elementor-field-required\">\n\t\t\t\t\t\t\t<div class=\"elementor-field-subgroup\">\n\t\t\t<span class=\"elementor-field-option\">\n\t\t\t\t<input type=\"checkbox\" name=\"form_fields[field_9d42df4]\" id=\"form-field-field_9d42df4\" class=\"elementor-field elementor-size-md  elementor-acceptance-field\" required=\"required\">\n\t\t\t\t<label for=\"form-field-field_9d42df4\"><span class=\"accettazione\">Confermo di aver letto, compreso ed accettato i termini della Normativa sulla Privacy ai sensi degli artt. 13 e 14 del GDPR \u2013 Regolamento UE 2016\/679.<\/span><\/label>\t\t\t<\/span>\n\t\t<\/div>\n\t\t\t\t\t\t<\/div>\n\t\t\t\t\t\t\t\t<div class=\"elementor-field-type-html elementor-field-group elementor-column elementor-field-group-field_331335a elementor-col-100\">\n\t\t\t\t\t<span style=\"font-size:13px\">* Campo Obbligatorio<\/span>\t\t\t\t<\/div>\n\t\t\t\t\t\t\t\t<div class=\"elementor-field-type-recaptcha_v3 elementor-field-group elementor-column elementor-field-group-field_0e380c1 elementor-col-100 recaptcha_v3-bottomright\">\n\t\t\t\t\t<div class=\"elementor-field\" id=\"form-field-field_0e380c1\"><div class=\"elementor-g-recaptcha\" data-sitekey=\"6LeRWDYqAAAAAFKlfdxc-DVkI_LHB7athIHU-J7Y\" data-type=\"v3\" data-action=\"Form\" data-badge=\"bottomright\" data-size=\"invisible\"><\/div><\/div>\t\t\t\t<\/div>\n\t\t\t\t\t\t\t\t<div class=\"elementor-field-group elementor-column elementor-field-type-submit elementor-col-100 e-form__buttons\">\n\t\t\t\t\t<button class=\"elementor-button elementor-size-lg\" type=\"submit\">\n\t\t\t\t\t\t<span class=\"elementor-button-content-wrapper\">\n\t\t\t\t\t\t\t\t\t\t\t\t\t\t\t\t\t\t\t\t\t\t<span class=\"elementor-button-text\">Invia<\/span>\n\t\t\t\t\t\t\t\t\t\t\t\t\t<\/span>\n\t\t\t\t\t<\/button>\n\t\t\t\t<\/div>\n\t\t\t<\/div>\n\t\t<\/form>\n\t\t\t\t\t\t<\/div>\n\t\t\t\t<\/div>\n\t\t\t\t<\/div>\n\t\t\t\t<\/div>\n\t\t<div class=\"elementor-element elementor-element-393c56e e-con-full elementor-hidden-tablet e-flex e-con e-child\" data-id=\"393c56e\" data-element_type=\"container\" data-e-type=\"container\">\n\t\t\t\t<\/div>\n\t\t\t\t<\/div>\n\t\t\t\t<\/div>\n\t\t","protected":false},"excerpt":{"rendered":"<p>Activities Hotel Il Borgo - Information Request<\/p>","protected":false},"author":10,"featured_media":0,"parent":0,"menu_order":0,"comment_status":"closed","ping_status":"closed","template":"elementor_header_footer","meta":{"_acf_changed":false,"footnotes":""},"class_list":["post-17279","page","type-page","status-publish","hentry"],"acf":[],"yoast_head":"<!-- This site is optimized with the Yoast SEO plugin v27.3 - https:\/\/yoast.com\/product\/yoast-seo-wordpress\/ -->\n<title>Richiesta disponibilit\u00e0, attivit\u00e0 Hotel Il borgo - Banfi<\/title>\n<meta name=\"description\" content=\"Richiesta disponibilit\u00e0 per attivit\u00e0 Hotel Il Borgo. Cosa ti piacerebbe fare? Compila il form e prenota subito la tua attivit\u00e0!\" \/>\n<meta name=\"robots\" content=\"index, follow, max-snippet:-1, max-image-preview:large, max-video-preview:-1\" \/>\n<link rel=\"canonical\" href=\"https:\/\/www.banfi.it\/eng\/availability-request\/\" \/>\n<meta property=\"og:locale\" content=\"en_GB\" \/>\n<meta property=\"og:type\" content=\"article\" \/>\n<meta property=\"og:title\" content=\"Richiesta disponibilit\u00e0, attivit\u00e0 Hotel Il borgo - Banfi\" \/>\n<meta property=\"og:description\" content=\"Richiesta disponibilit\u00e0 per attivit\u00e0 Hotel Il Borgo. Cosa ti piacerebbe fare? Compila il form e prenota subito la tua attivit\u00e0!\" \/>\n<meta property=\"og:url\" content=\"https:\/\/www.banfi.it\/eng\/availability-request\/\" \/>\n<meta property=\"og:site_name\" content=\"Banfi\" \/>\n<meta property=\"article:publisher\" content=\"https:\/\/www.facebook.com\/BanfiOfficial\" \/>\n<meta property=\"article:modified_time\" content=\"2026-01-13T14:29:45+00:00\" \/>\n<meta name=\"twitter:card\" content=\"summary_large_image\" \/>\n<meta name=\"twitter:site\" content=\"@BanfiOfficial\" \/>\n<meta name=\"twitter:label1\" content=\"Estimated reading time\" \/>\n\t<meta name=\"twitter:data1\" content=\"1 minute\" \/>\n<script type=\"application\/ld+json\" class=\"yoast-schema-graph\">{\"@context\":\"https:\\\/\\\/schema.org\",\"@graph\":[{\"@type\":\"WebPage\",\"@id\":\"https:\\\/\\\/www.banfi.it\\\/richiesta-disponibilita\\\/\",\"url\":\"https:\\\/\\\/www.banfi.it\\\/richiesta-disponibilita\\\/\",\"name\":\"Richiesta disponibilit\u00e0, attivit\u00e0 Hotel Il borgo - Banfi\",\"isPartOf\":{\"@id\":\"https:\\\/\\\/www.banfi.it\\\/#website\"},\"datePublished\":\"2024-09-03T10:29:11+00:00\",\"dateModified\":\"2026-01-13T14:29:45+00:00\",\"description\":\"Richiesta disponibilit\u00e0 per attivit\u00e0 Hotel Il Borgo. Cosa ti piacerebbe fare? Compila il form e prenota subito la tua attivit\u00e0!\",\"breadcrumb\":{\"@id\":\"https:\\\/\\\/www.banfi.it\\\/richiesta-disponibilita\\\/#breadcrumb\"},\"inLanguage\":\"en-GB\",\"potentialAction\":[{\"@type\":\"ReadAction\",\"target\":[\"https:\\\/\\\/www.banfi.it\\\/richiesta-disponibilita\\\/\"]}]},{\"@type\":\"BreadcrumbList\",\"@id\":\"https:\\\/\\\/www.banfi.it\\\/richiesta-disponibilita\\\/#breadcrumb\",\"itemListElement\":[{\"@type\":\"ListItem\",\"position\":1,\"name\":\"Home\",\"item\":\"https:\\\/\\\/www.banfi.it\\\/\"},{\"@type\":\"ListItem\",\"position\":2,\"name\":\"Richiesta disponibilit\u00e0\"}]},{\"@type\":\"WebSite\",\"@id\":\"https:\\\/\\\/www.banfi.it\\\/#website\",\"url\":\"https:\\\/\\\/www.banfi.it\\\/\",\"name\":\"Banfi\",\"description\":\"For a better wine world\",\"publisher\":{\"@id\":\"https:\\\/\\\/www.banfi.it\\\/#organization\"},\"alternateName\":\"Banfi\",\"potentialAction\":[{\"@type\":\"SearchAction\",\"target\":{\"@type\":\"EntryPoint\",\"urlTemplate\":\"https:\\\/\\\/www.banfi.it\\\/?s={search_term_string}\"},\"query-input\":{\"@type\":\"PropertyValueSpecification\",\"valueRequired\":true,\"valueName\":\"search_term_string\"}}],\"inLanguage\":\"en-GB\"},{\"@type\":\"Organization\",\"@id\":\"https:\\\/\\\/www.banfi.it\\\/#organization\",\"name\":\"Banfi\",\"alternateName\":\"Banfi\",\"url\":\"https:\\\/\\\/www.banfi.it\\\/\",\"logo\":{\"@type\":\"ImageObject\",\"inLanguage\":\"en-GB\",\"@id\":\"https:\\\/\\\/www.banfi.it\\\/#\\\/schema\\\/logo\\\/image\\\/\",\"url\":\"https:\\\/\\\/www.banfi.it\\\/wp-content\\\/uploads\\\/2024\\\/06\\\/Logo-stemma-banfi-scuro_a.png\",\"contentUrl\":\"https:\\\/\\\/www.banfi.it\\\/wp-content\\\/uploads\\\/2024\\\/06\\\/Logo-stemma-banfi-scuro_a.png\",\"width\":186,\"height\":173,\"caption\":\"Banfi\"},\"image\":{\"@id\":\"https:\\\/\\\/www.banfi.it\\\/#\\\/schema\\\/logo\\\/image\\\/\"},\"sameAs\":[\"https:\\\/\\\/www.facebook.com\\\/BanfiOfficial\",\"https:\\\/\\\/x.com\\\/BanfiOfficial\",\"https:\\\/\\\/www.instagram.com\\\/banfiofficial\\\/\",\"https:\\\/\\\/www.linkedin.com\\\/company\\\/banfiofficial\\\/\",\"https:\\\/\\\/www.youtube.com\\\/c\\\/Castellobanfi\"]}]}<\/script>\n<!-- \/ Yoast SEO plugin. -->","yoast_head_json":{"title":"Availability request, Hotel Il borgo - Banfi activities","description":"Availability request for activities Hotel Il Borgo. What would you like to do? Fill out the form and book your activity now!","robots":{"index":"index","follow":"follow","max-snippet":"max-snippet:-1","max-image-preview":"max-image-preview:large","max-video-preview":"max-video-preview:-1"},"canonical":"https:\/\/www.banfi.it\/eng\/availability-request\/","og_locale":"en_GB","og_type":"article","og_title":"Richiesta disponibilit\u00e0, attivit\u00e0 Hotel Il borgo - Banfi","og_description":"Richiesta disponibilit\u00e0 per attivit\u00e0 Hotel Il Borgo. Cosa ti piacerebbe fare? Compila il form e prenota subito la tua attivit\u00e0!","og_url":"https:\/\/www.banfi.it\/eng\/availability-request\/","og_site_name":"Banfi","article_publisher":"https:\/\/www.facebook.com\/BanfiOfficial","article_modified_time":"2026-01-13T14:29:45+00:00","twitter_card":"summary_large_image","twitter_site":"@BanfiOfficial","twitter_misc":{"Estimated reading time":"1 minute"},"schema":{"@context":"https:\/\/schema.org","@graph":[{"@type":"WebPage","@id":"https:\/\/www.banfi.it\/richiesta-disponibilita\/","url":"https:\/\/www.banfi.it\/richiesta-disponibilita\/","name":"Availability request, Hotel Il borgo - Banfi activities","isPartOf":{"@id":"https:\/\/www.banfi.it\/#website"},"datePublished":"2024-09-03T10:29:11+00:00","dateModified":"2026-01-13T14:29:45+00:00","description":"Availability request for activities Hotel Il Borgo. What would you like to do? Fill out the form and book your activity now!","breadcrumb":{"@id":"https:\/\/www.banfi.it\/richiesta-disponibilita\/#breadcrumb"},"inLanguage":"en-GB","potentialAction":[{"@type":"ReadAction","target":["https:\/\/www.banfi.it\/richiesta-disponibilita\/"]}]},{"@type":"BreadcrumbList","@id":"https:\/\/www.banfi.it\/richiesta-disponibilita\/#breadcrumb","itemListElement":[{"@type":"ListItem","position":1,"name":"Home","item":"https:\/\/www.banfi.it\/"},{"@type":"ListItem","position":2,"name":"Richiesta disponibilit\u00e0"}]},{"@type":"WebSite","@id":"https:\/\/www.banfi.it\/#website","url":"https:\/\/www.banfi.it\/","name":"Banfi","description":"For a better wine world","publisher":{"@id":"https:\/\/www.banfi.it\/#organization"},"alternateName":"Banfi","potentialAction":[{"@type":"SearchAction","target":{"@type":"EntryPoint","urlTemplate":"https:\/\/www.banfi.it\/?s={search_term_string}"},"query-input":{"@type":"PropertyValueSpecification","valueRequired":true,"valueName":"search_term_string"}}],"inLanguage":"en-GB"},{"@type":"Organization","@id":"https:\/\/www.banfi.it\/#organization","name":"Banfi","alternateName":"Banfi","url":"https:\/\/www.banfi.it\/","logo":{"@type":"ImageObject","inLanguage":"en-GB","@id":"https:\/\/www.banfi.it\/#\/schema\/logo\/image\/","url":"https:\/\/www.banfi.it\/wp-content\/uploads\/2024\/06\/Logo-stemma-banfi-scuro_a.png","contentUrl":"https:\/\/www.banfi.it\/wp-content\/uploads\/2024\/06\/Logo-stemma-banfi-scuro_a.png","width":186,"height":173,"caption":"Banfi"},"image":{"@id":"https:\/\/www.banfi.it\/#\/schema\/logo\/image\/"},"sameAs":["https:\/\/www.facebook.com\/BanfiOfficial","https:\/\/x.com\/BanfiOfficial","https:\/\/www.instagram.com\/banfiofficial\/","https:\/\/www.linkedin.com\/company\/banfiofficial\/","https:\/\/www.youtube.com\/c\/Castellobanfi"]}]}},"_links":{"self":[{"href":"https:\/\/www.banfi.it\/eng\/wp-json\/wp\/v2\/pages\/17279","targetHints":{"allow":["GET"]}}],"collection":[{"href":"https:\/\/www.banfi.it\/eng\/wp-json\/wp\/v2\/pages"}],"about":[{"href":"https:\/\/www.banfi.it\/eng\/wp-json\/wp\/v2\/types\/page"}],"author":[{"embeddable":true,"href":"https:\/\/www.banfi.it\/eng\/wp-json\/wp\/v2\/users\/10"}],"replies":[{"embeddable":true,"href":"https:\/\/www.banfi.it\/eng\/wp-json\/wp\/v2\/comments?post=17279"}],"version-history":[{"count":0,"href":"https:\/\/www.banfi.it\/eng\/wp-json\/wp\/v2\/pages\/17279\/revisions"}],"wp:attachment":[{"href":"https:\/\/www.banfi.it\/eng\/wp-json\/wp\/v2\/media?parent=17279"}],"curies":[{"name":"wp","href":"https:\/\/api.w.org\/{rel}","templated":true}]}}